{"id":7159,"date":"2023-07-21T19:07:36","date_gmt":"2023-07-21T22:07:36","guid":{"rendered":"https:\/\/www.thesinapiteam.com\/?page_id=7159"},"modified":"2025-08-15T14:52:28","modified_gmt":"2025-08-15T17:52:28","slug":"quality-policy","status":"publish","type":"page","link":"https:\/\/www.thesinapiteam.com\/es\/quality-policy\/","title":{"rendered":"Pol\u00edtica de calidad"},"content":{"rendered":"<div data-elementor-type=\"wp-page\" data-elementor-id=\"7159\" class=\"elementor elementor-7159\" data-elementor-post-type=\"page\">\n\t\t\t\t<div class=\"elementor-element elementor-element-8b94423 e-con-full e-flex e-con e-parent\" data-id=\"8b94423\" data-element_type=\"container\" data-e-type=\"container\" data-settings=\"{&quot;background_background&quot;:&quot;classic&quot;}\">\n\t\t<div class=\"elementor-element elementor-element-dbe9b1d e-con-full e-flex e-con e-child\" data-id=\"dbe9b1d\" data-element_type=\"container\" data-e-type=\"container\" data-settings=\"{&quot;background_background&quot;:&quot;classic&quot;}\">\n\t\t\t\t<div class=\"elementor-element elementor-element-4655842 elementor-widget elementor-widget-heading\" data-id=\"4655842\" data-element_type=\"widget\" data-e-type=\"widget\" data-widget_type=\"heading.default\">\n\t\t\t\t<div class=\"elementor-widget-container\">\n\t\t\t\t\t<h1 class=\"elementor-heading-title elementor-size-default\">The Sinapi Team<\/h1>\t\t\t\t<\/div>\n\t\t\t\t<\/div>\n\t\t\t\t<div class=\"elementor-element elementor-element-9da06e0 elementor-widget elementor-widget-heading\" data-id=\"9da06e0\" data-element_type=\"widget\" data-e-type=\"widget\" data-widget_type=\"heading.default\">\n\t\t\t\t<div class=\"elementor-widget-container\">\n\t\t\t\t\t<h2 class=\"elementor-heading-title elementor-size-default\">Pol\u00edtica de calidad<\/h2>\t\t\t\t<\/div>\n\t\t\t\t<\/div>\n\t\t\t\t<div class=\"elementor-element elementor-element-82097cb elementor-align-left elementor-widget elementor-widget-button\" data-id=\"82097cb\" data-element_type=\"widget\" data-e-type=\"widget\" data-widget_type=\"button.default\">\n\t\t\t\t<div class=\"elementor-widget-container\">\n\t\t\t\t\t\t\t\t\t<div class=\"elementor-button-wrapper\">\n\t\t\t\t\t<a class=\"elementor-button elementor-button-link elementor-size-sm\" href=\"#quality\">\n\t\t\t\t\t\t<span class=\"elementor-button-content-wrapper\">\n\t\t\t\t\t\t\t\t\t<span class=\"elementor-button-text\">Ver m\u00e1s<\/span>\n\t\t\t\t\t<\/span>\n\t\t\t\t\t<\/a>\n\t\t\t\t<\/div>\n\t\t\t\t\t\t\t\t<\/div>\n\t\t\t\t<\/div>\n\t\t\t\t<div class=\"elementor-element elementor-element-6038e60 elementor-widget elementor-widget-menu-anchor\" data-id=\"6038e60\" data-element_type=\"widget\" data-e-type=\"widget\" data-widget_type=\"menu-anchor.default\">\n\t\t\t\t<div class=\"elementor-widget-container\">\n\t\t\t\t\t\t\t<div class=\"elementor-menu-anchor\" id=\"quality\"><\/div>\n\t\t\t\t\t\t<\/div>\n\t\t\t\t<\/div>\n\t\t\t\t<\/div>\n\t\t<div class=\"elementor-element elementor-element-b5c1cd5 e-con-full elementor-hidden-tablet elementor-hidden-mobile e-flex e-con e-child\" data-id=\"b5c1cd5\" data-element_type=\"container\" data-e-type=\"container\">\n\t\t\t\t<\/div>\n\t\t\t\t<\/div>\n\t\t\t\t<section class=\"elementor-section elementor-top-section elementor-element elementor-element-a63efa0 elementor-section-boxed elementor-section-height-default elementor-section-height-default\" data-id=\"a63efa0\" data-element_type=\"section\" data-e-type=\"section\" data-settings=\"{&quot;background_background&quot;:&quot;classic&quot;}\">\n\t\t\t\t\t\t<div class=\"elementor-container elementor-column-gap-default\">\n\t\t\t\t\t<div class=\"elementor-column elementor-col-100 elementor-top-column elementor-element elementor-element-693d061\" data-id=\"693d061\" data-element_type=\"column\" data-e-type=\"column\">\n\t\t\t<div class=\"elementor-widget-wrap elementor-element-populated\">\n\t\t\t\t\t\t<div class=\"elementor-element elementor-element-3f545ec elementor-hidden-tablet elementor-hidden-mobile elementor-widget elementor-widget-heading\" data-id=\"3f545ec\" data-element_type=\"widget\" data-e-type=\"widget\" data-widget_type=\"heading.default\">\n\t\t\t\t<div class=\"elementor-widget-container\">\n\t\t\t\t\t<h2 class=\"elementor-heading-title elementor-size-default\">\u00bfCu\u00e1les son las ventajas de incluir nuestro soporte t\u00e9cnico en el proceso de globalizaci\u00f3n de tu empresa<strong>?<\/strong><\/h2>\t\t\t\t<\/div>\n\t\t\t\t<\/div>\n\t\t\t\t<div class=\"elementor-element elementor-element-626e534 elementor-hidden-widescreen elementor-hidden-desktop elementor-widget elementor-widget-heading\" data-id=\"626e534\" data-element_type=\"widget\" data-e-type=\"widget\" data-widget_type=\"heading.default\">\n\t\t\t\t<div class=\"elementor-widget-container\">\n\t\t\t\t\t<h2 class=\"elementor-heading-title elementor-size-default\">Pol\u00edtica de calidad<strong>.<\/strong><\/h2>\t\t\t\t<\/div>\n\t\t\t\t<\/div>\n\t\t\t\t<div class=\"elementor-element elementor-element-7a91447 elementor-hidden-tablet elementor-hidden-mobile elementor-widget elementor-widget-text-editor\" data-id=\"7a91447\" data-element_type=\"widget\" data-e-type=\"widget\" data-widget_type=\"text-editor.default\">\n\t\t\t\t<div class=\"elementor-widget-container\">\n\t\t\t\t\t\t\t\t\t<p>Sinapi naci\u00f3 en el a\u00f1o 2015, gracias a un grupo de emprendedores que decidieron empezar a brindar un servicio personalizado y posicionarse como aliados estrat\u00e9gicos de los clientes en cuestiones de automatizaci\u00f3n de marketing, gesti\u00f3n de proyectos, localizaci\u00f3n, marketing digital e integraci\u00f3n tecnol\u00f3gica y soporte.<br>Nuestro objetivo principal es brindar soluciones a medida, que ayuden a nuestros clientes a globalizarse de manera eficiente y exitosa.<\/p>\n<p>En Sinapi, nos impulsa una cultura de calidad basada en los principios de desarrollo humano, el compromiso de mejora, el trabajo en equipo, la responsabilidad y el cumplimiento normativo.<br>Nuestros objetivos de calidad incluyen:<br>\u2022 Cumplir los requisitos legales y reglamentarios, as\u00ed como los de nuestras partes interesadas.<br>\u2022 Mejorar la eficacia del sistema de gesti\u00f3n de calidad.<br>\u2022 Gestionar el capital humano en el marco de un proceso de mejora del desempe\u00f1o y de la satisfacci\u00f3n del cliente.<br><\/p>\t\t\t\t\t\t\t\t<\/div>\n\t\t\t\t<\/div>\n\t\t\t\t<div class=\"elementor-element elementor-element-1fcaf10 elementor-hidden-tablet elementor-hidden-mobile elementor-widget elementor-widget-text-editor\" data-id=\"1fcaf10\" data-element_type=\"widget\" data-e-type=\"widget\" data-widget_type=\"text-editor.default\">\n\t\t\t\t<div class=\"elementor-widget-container\">\n\t\t\t\t\t\t\t\t\t<p>Versi\u00f3n 1.0<\/p>\t\t\t\t\t\t\t\t<\/div>\n\t\t\t\t<\/div>\n\t\t\t\t<div class=\"elementor-element elementor-element-f23337f elementor-hidden-widescreen elementor-hidden-desktop elementor-widget elementor-widget-text-editor\" data-id=\"f23337f\" data-element_type=\"widget\" data-e-type=\"widget\" data-widget_type=\"text-editor.default\">\n\t\t\t\t<div class=\"elementor-widget-container\">\n\t\t\t\t\t\t\t\t\t<p>Sinapi naci\u00f3 en el a\u00f1o 2015, gracias a un grupo de emprendedores que decidieron empezar a brindar un servicio personalizado y posicionarse como aliados estrat\u00e9gicos de los clientes en cuestiones de automatizaci\u00f3n de marketing, gesti\u00f3n de proyectos, localizaci\u00f3n, marketing digital e integraci\u00f3n tecnol\u00f3gica y soporte.<br \/>Nuestro objetivo principal es brindar soluciones a medida, que ayuden a nuestros clientes a globalizarse de manera eficiente y exitosa.<\/p><p>En Sinapi, nos impulsa una cultura de calidad basada en los principios de desarrollo humano, el compromiso de mejora, el trabajo en equipo, la responsabilidad y el cumplimiento normativo.<br \/>Nuestros objetivos de calidad incluyen:<\/p>\t\t\t\t\t\t\t\t<\/div>\n\t\t\t\t<\/div>\n\t\t\t\t<div class=\"elementor-element elementor-element-287081a elementor-hidden-widescreen elementor-hidden-desktop elementor-widget elementor-widget-text-editor\" data-id=\"287081a\" data-element_type=\"widget\" data-e-type=\"widget\" data-widget_type=\"text-editor.default\">\n\t\t\t\t<div class=\"elementor-widget-container\">\n\t\t\t\t\t\t\t\t\t<p>\u2022 Cumplir los requisitos legales y reglamentarios, as\u00ed como los de nuestras partes interesadas.<br>\u2022 Mejorar la eficacia del sistema de gesti\u00f3n de calidad.<br>\u2022 Gestionar el capital humano en el marco de un proceso de mejora del desempe\u00f1o y de la satisfacci\u00f3n del cliente.<br><\/p>\t\t\t\t\t\t\t\t<\/div>\n\t\t\t\t<\/div>\n\t\t\t\t<div class=\"elementor-element elementor-element-7aabadf elementor-hidden-widescreen elementor-hidden-desktop elementor-widget elementor-widget-text-editor\" data-id=\"7aabadf\" data-element_type=\"widget\" data-e-type=\"widget\" data-widget_type=\"text-editor.default\">\n\t\t\t\t<div class=\"elementor-widget-container\">\n\t\t\t\t\t\t\t\t\t<p>Versi\u00f3n 1.0<\/p>\t\t\t\t\t\t\t\t<\/div>\n\t\t\t\t<\/div>\n\t\t\t\t\t<\/div>\n\t\t<\/div>\n\t\t\t\t\t<\/div>\n\t\t<\/section>\n\t\t\t\t<section class=\"elementor-section elementor-top-section elementor-element elementor-element-2d85412 elementor-section-height-min-height elementor-section-items-top elementor-hidden-tablet elementor-hidden-mobile elementor-section-boxed elementor-section-height-default\" data-id=\"2d85412\" data-element_type=\"section\" data-e-type=\"section\" data-settings=\"{&quot;background_background&quot;:&quot;classic&quot;}\">\n\t\t\t\t\t\t<div class=\"elementor-container elementor-column-gap-default\">\n\t\t\t\t\t<div class=\"elementor-column elementor-col-100 elementor-top-column elementor-element elementor-element-d47e3fe\" data-id=\"d47e3fe\" data-element_type=\"column\" data-e-type=\"column\">\n\t\t\t<div class=\"elementor-widget-wrap elementor-element-populated\">\n\t\t\t\t\t\t<div class=\"elementor-element elementor-element-647bcd3 elementor-hidden-tablet elementor-hidden-mobile elementor-widget elementor-widget-heading\" data-id=\"647bcd3\" data-element_type=\"widget\" data-e-type=\"widget\" data-widget_type=\"heading.default\">\n\t\t\t\t<div class=\"elementor-widget-container\">\n\t\t\t\t\t<h3 class=\"elementor-heading-title elementor-size-default\">Con\u00f3cenos.<strong>.<\/strong><\/h3>\t\t\t\t<\/div>\n\t\t\t\t<\/div>\n\t\t\t\t<div class=\"elementor-element elementor-element-7c53bfc elementor-align-left elementor-widget elementor-widget-button\" data-id=\"7c53bfc\" data-element_type=\"widget\" data-e-type=\"widget\" data-widget_type=\"button.default\">\n\t\t\t\t<div class=\"elementor-widget-container\">\n\t\t\t\t\t\t\t\t\t<div class=\"elementor-button-wrapper\">\n\t\t\t\t\t<a class=\"elementor-button elementor-button-link elementor-size-sm\" href=\"https:\/\/www.thesinapiteam.com\/es\/solutions\/\">\n\t\t\t\t\t\t<span class=\"elementor-button-content-wrapper\">\n\t\t\t\t\t\t\t\t\t<span class=\"elementor-button-text\">Ver m\u00e1s<\/span>\n\t\t\t\t\t<\/span>\n\t\t\t\t\t<\/a>\n\t\t\t\t<\/div>\n\t\t\t\t\t\t\t\t<\/div>\n\t\t\t\t<\/div>\n\t\t\t\t\t<\/div>\n\t\t<\/div>\n\t\t\t\t\t<\/div>\n\t\t<\/section>\n\t\t\t\t<section class=\"elementor-section elementor-top-section elementor-element elementor-element-d508600 elementor-section-height-min-height elementor-section-items-top elementor-hidden-widescreen elementor-hidden-desktop elementor-section-boxed elementor-section-height-default\" data-id=\"d508600\" data-element_type=\"section\" data-e-type=\"section\" data-settings=\"{&quot;background_background&quot;:&quot;classic&quot;}\">\n\t\t\t\t\t\t<div class=\"elementor-container elementor-column-gap-default\">\n\t\t\t\t\t<div class=\"elementor-column elementor-col-100 elementor-top-column elementor-element elementor-element-d8c6755\" data-id=\"d8c6755\" data-element_type=\"column\" data-e-type=\"column\">\n\t\t\t<div class=\"elementor-widget-wrap elementor-element-populated\">\n\t\t\t\t\t\t<div class=\"elementor-element elementor-element-fa5b57e elementor-widget elementor-widget-heading\" data-id=\"fa5b57e\" data-element_type=\"widget\" data-e-type=\"widget\" data-widget_type=\"heading.default\">\n\t\t\t\t<div class=\"elementor-widget-container\">\n\t\t\t\t\t<h3 class=\"elementor-heading-title elementor-size-default\">Con\u00f3cenos<br>know us<strong>.<\/strong><\/h3>\t\t\t\t<\/div>\n\t\t\t\t<\/div>\n\t\t\t\t<div class=\"elementor-element elementor-element-8c839d5 elementor-align-left elementor-widget elementor-widget-button\" data-id=\"8c839d5\" data-element_type=\"widget\" data-e-type=\"widget\" data-widget_type=\"button.default\">\n\t\t\t\t<div class=\"elementor-widget-container\">\n\t\t\t\t\t\t\t\t\t<div class=\"elementor-button-wrapper\">\n\t\t\t\t\t<a class=\"elementor-button elementor-button-link elementor-size-sm\" href=\"https:\/\/www.thesinapiteam.com\/es\/solutions\/\">\n\t\t\t\t\t\t<span class=\"elementor-button-content-wrapper\">\n\t\t\t\t\t\t\t\t\t<span class=\"elementor-button-text\">Ver m\u00e1s<\/span>\n\t\t\t\t\t<\/span>\n\t\t\t\t\t<\/a>\n\t\t\t\t<\/div>\n\t\t\t\t\t\t\t\t<\/div>\n\t\t\t\t<\/div>\n\t\t\t\t\t<\/div>\n\t\t<\/div>\n\t\t\t\t\t<\/div>\n\t\t<\/section>\n\t\t\t\t<\/div>","protected":false},"excerpt":{"rendered":"<p>The Sinapi Team Quality Policy Learn more What business value do we add to globalization from a technical support perspective? Quality Policy. Sinapi is a group of entrepreneurs who, since 2015, have been providing a customized service as strategic allies to our customers in relation to marketing automation, project management, localization, digital marketing, and tech [&hellip;]<\/p>\n","protected":false},"author":1,"featured_media":7400,"parent":0,"menu_order":0,"comment_status":"closed","ping_status":"closed","template":"","meta":{"footnotes":""},"class_list":["post-7159","page","type-page","status-publish","has-post-thumbnail","hentry"],"yoast_head":"<!-- This site is optimized with the Yoast SEO plugin v27.2 - https:\/\/yoast.com\/product\/yoast-seo-wordpress\/ -->\n<title>Quality Policy - The Sinapi Team<\/title>\n<meta name=\"description\" content=\"Our main goal is to provide tailored solutions to help our customers go global in an effective and successful manner.\" \/>\n<meta name=\"robots\" content=\"index, follow, max-snippet:-1, max-image-preview:large, max-video-preview:-1\" \/>\n<link rel=\"canonical\" href=\"https:\/\/www.thesinapiteam.com\/es\/quality-policy\/\" \/>\n<meta property=\"og:locale\" content=\"es_ES\" \/>\n<meta property=\"og:type\" content=\"article\" \/>\n<meta property=\"og:title\" content=\"Quality Policy - The Sinapi Team\" \/>\n<meta property=\"og:description\" content=\"Our main goal is to provide tailored solutions to help our customers go global in an effective and successful manner.\" \/>\n<meta property=\"og:url\" content=\"https:\/\/www.thesinapiteam.com\/es\/quality-policy\/\" \/>\n<meta property=\"og:site_name\" content=\"The Sinapi Team\" \/>\n<meta property=\"article:publisher\" content=\"https:\/\/www.facebook.com\/thesinapiteamllc\" \/>\n<meta property=\"article:modified_time\" content=\"2025-08-15T17:52:28+00:00\" \/>\n<meta property=\"og:image\" content=\"https:\/\/www.thesinapiteam.com\/wp\/wp-content\/uploads\/2023\/10\/imagenes_destacadas_Quality-policy.webp\" \/>\n\t<meta property=\"og:image:width\" content=\"1200\" \/>\n\t<meta property=\"og:image:height\" content=\"600\" \/>\n\t<meta property=\"og:image:type\" content=\"image\/webp\" \/>\n<meta name=\"twitter:card\" content=\"summary_large_image\" \/>\n<meta name=\"twitter:title\" content=\"Quality Policy - The Sinapi Team\" \/>\n<meta name=\"twitter:description\" content=\"Our main goal is to provide tailored solutions to help our customers go global in an effective and successful manner.\" \/>\n<meta name=\"twitter:image\" content=\"https:\/\/www.thesinapiteam.com\/wp\/wp-content\/uploads\/2022\/09\/the-sinapi-team-logo.png\" \/>\n<meta name=\"twitter:label1\" content=\"Tiempo de lectura\" \/>\n\t<meta name=\"twitter:data1\" content=\"2 minutos\" \/>\n<script type=\"application\/ld+json\" class=\"yoast-schema-graph\">{\"@context\":\"https:\/\/schema.org\",\"@graph\":[{\"@type\":\"WebPage\",\"@id\":\"https:\/\/www.thesinapiteam.com\/quality-policy\/\",\"url\":\"https:\/\/www.thesinapiteam.com\/quality-policy\/\",\"name\":\"Quality Policy - The Sinapi Team\",\"isPartOf\":{\"@id\":\"https:\/\/www.thesinapiteam.com\/#website\"},\"primaryImageOfPage\":{\"@id\":\"https:\/\/www.thesinapiteam.com\/quality-policy\/#primaryimage\"},\"image\":{\"@id\":\"https:\/\/www.thesinapiteam.com\/quality-policy\/#primaryimage\"},\"thumbnailUrl\":\"https:\/\/www.thesinapiteam.com\/wp\/wp-content\/uploads\/2023\/10\/imagenes_destacadas_Quality-policy.webp\",\"datePublished\":\"2023-07-21T22:07:36+00:00\",\"dateModified\":\"2025-08-15T17:52:28+00:00\",\"description\":\"Our main goal is to provide tailored solutions to help our customers go global in an effective and successful manner.\",\"breadcrumb\":{\"@id\":\"https:\/\/www.thesinapiteam.com\/quality-policy\/#breadcrumb\"},\"inLanguage\":\"es-AR\",\"potentialAction\":[{\"@type\":\"ReadAction\",\"target\":[\"https:\/\/www.thesinapiteam.com\/quality-policy\/\"]}]},{\"@type\":\"ImageObject\",\"inLanguage\":\"es-AR\",\"@id\":\"https:\/\/www.thesinapiteam.com\/quality-policy\/#primaryimage\",\"url\":\"https:\/\/www.thesinapiteam.com\/wp\/wp-content\/uploads\/2023\/10\/imagenes_destacadas_Quality-policy.webp\",\"contentUrl\":\"https:\/\/www.thesinapiteam.com\/wp\/wp-content\/uploads\/2023\/10\/imagenes_destacadas_Quality-policy.webp\",\"width\":1200,\"height\":600,\"caption\":\"featured image Quality policy\"},{\"@type\":\"BreadcrumbList\",\"@id\":\"https:\/\/www.thesinapiteam.com\/quality-policy\/#breadcrumb\",\"itemListElement\":[{\"@type\":\"ListItem\",\"position\":1,\"name\":\"Home\",\"item\":\"https:\/\/www.thesinapiteam.com\/\"},{\"@type\":\"ListItem\",\"position\":2,\"name\":\"Quality Policy\"}]},{\"@type\":\"WebSite\",\"@id\":\"https:\/\/www.thesinapiteam.com\/#website\",\"url\":\"https:\/\/www.thesinapiteam.com\/\",\"name\":\"The Sinapi Team\",\"description\":\"We provide planning, execution and technical management to ensure your globalizations goals are met.\",\"publisher\":{\"@id\":\"https:\/\/www.thesinapiteam.com\/#organization\"},\"alternateName\":\"Sinapi\",\"potentialAction\":[{\"@type\":\"SearchAction\",\"target\":{\"@type\":\"EntryPoint\",\"urlTemplate\":\"https:\/\/www.thesinapiteam.com\/?s={search_term_string}\"},\"query-input\":{\"@type\":\"PropertyValueSpecification\",\"valueRequired\":true,\"valueName\":\"search_term_string\"}}],\"inLanguage\":\"es-AR\"},{\"@type\":\"Organization\",\"@id\":\"https:\/\/www.thesinapiteam.com\/#organization\",\"name\":\"The Sinapi Team\",\"url\":\"https:\/\/www.thesinapiteam.com\/\",\"logo\":{\"@type\":\"ImageObject\",\"inLanguage\":\"es-AR\",\"@id\":\"https:\/\/www.thesinapiteam.com\/#\/schema\/logo\/image\/\",\"url\":\"https:\/\/www.thesinapiteam.com\/wp\/wp-content\/uploads\/2022\/09\/cropped-the-sinapi-team-logo.png\",\"contentUrl\":\"https:\/\/www.thesinapiteam.com\/wp\/wp-content\/uploads\/2022\/09\/cropped-the-sinapi-team-logo.png\",\"width\":500,\"height\":500,\"caption\":\"The Sinapi Team\"},\"image\":{\"@id\":\"https:\/\/www.thesinapiteam.com\/#\/schema\/logo\/image\/\"},\"sameAs\":[\"https:\/\/www.facebook.com\/thesinapiteamllc\",\"https:\/\/www.instagram.com\/thesinapiteam\/\",\"https:\/\/www.linkedin.com\/company\/sinapi-llc\"]}]}<\/script>\n<!-- \/ Yoast SEO plugin. -->","yoast_head_json":{"title":"Quality Policy - The Sinapi Team","description":"Nuestro objetivo principal es brindar soluciones a medida, que ayuden a nuestros clientes a globalizarse de manera eficiente y exitosa.","robots":{"index":"index","follow":"follow","max-snippet":"max-snippet:-1","max-image-preview":"max-image-preview:large","max-video-preview":"max-video-preview:-1"},"canonical":"https:\/\/www.thesinapiteam.com\/es\/quality-policy\/","og_locale":"es_ES","og_type":"article","og_title":"Quality Policy - The Sinapi Team","og_description":"Our main goal is to provide tailored solutions to help our customers go global in an effective and successful manner.","og_url":"https:\/\/www.thesinapiteam.com\/es\/quality-policy\/","og_site_name":"The Sinapi Team","article_publisher":"https:\/\/www.facebook.com\/thesinapiteamllc","article_modified_time":"2025-08-15T17:52:28+00:00","og_image":[{"width":1200,"height":600,"url":"https:\/\/www.thesinapiteam.com\/wp\/wp-content\/uploads\/2023\/10\/imagenes_destacadas_Quality-policy.webp","type":"image\/webp"}],"twitter_card":"summary_large_image","twitter_title":"Quality Policy - The Sinapi Team","twitter_description":"Our main goal is to provide tailored solutions to help our customers go global in an effective and successful manner.","twitter_image":"https:\/\/www.thesinapiteam.com\/wp\/wp-content\/uploads\/2022\/09\/the-sinapi-team-logo.png","twitter_misc":{"Tiempo de lectura":"2 minutos"},"schema":{"@context":"https:\/\/schema.org","@graph":[{"@type":"WebPage","@id":"https:\/\/www.thesinapiteam.com\/quality-policy\/","url":"https:\/\/www.thesinapiteam.com\/quality-policy\/","name":"Quality Policy - The Sinapi Team","isPartOf":{"@id":"https:\/\/www.thesinapiteam.com\/#website"},"primaryImageOfPage":{"@id":"https:\/\/www.thesinapiteam.com\/quality-policy\/#primaryimage"},"image":{"@id":"https:\/\/www.thesinapiteam.com\/quality-policy\/#primaryimage"},"thumbnailUrl":"https:\/\/www.thesinapiteam.com\/wp\/wp-content\/uploads\/2023\/10\/imagenes_destacadas_Quality-policy.webp","datePublished":"2023-07-21T22:07:36+00:00","dateModified":"2025-08-15T17:52:28+00:00","description":"Nuestro objetivo principal es brindar soluciones a medida, que ayuden a nuestros clientes a globalizarse de manera eficiente y exitosa.","breadcrumb":{"@id":"https:\/\/www.thesinapiteam.com\/quality-policy\/#breadcrumb"},"inLanguage":"es-AR","potentialAction":[{"@type":"ReadAction","target":["https:\/\/www.thesinapiteam.com\/quality-policy\/"]}]},{"@type":"ImageObject","inLanguage":"es-AR","@id":"https:\/\/www.thesinapiteam.com\/quality-policy\/#primaryimage","url":"https:\/\/www.thesinapiteam.com\/wp\/wp-content\/uploads\/2023\/10\/imagenes_destacadas_Quality-policy.webp","contentUrl":"https:\/\/www.thesinapiteam.com\/wp\/wp-content\/uploads\/2023\/10\/imagenes_destacadas_Quality-policy.webp","width":1200,"height":600,"caption":"featured image Quality policy"},{"@type":"BreadcrumbList","@id":"https:\/\/www.thesinapiteam.com\/quality-policy\/#breadcrumb","itemListElement":[{"@type":"ListItem","position":1,"name":"Home","item":"https:\/\/www.thesinapiteam.com\/"},{"@type":"ListItem","position":2,"name":"Quality Policy"}]},{"@type":"WebSite","@id":"https:\/\/www.thesinapiteam.com\/#website","url":"https:\/\/www.thesinapiteam.com\/","name":"The Sinapi Team","description":"Impulsa tu crecimiento acad\u00e9mico a tu manera con cursos, certificaciones y programas profesionales. Obt\u00e9n apoyo y orientaci\u00f3n durante toda tu trayectoria profesional, incluso durante la preparaci\u00f3n para certificaciones internacionales.","publisher":{"@id":"https:\/\/www.thesinapiteam.com\/#organization"},"alternateName":"Sinapi","potentialAction":[{"@type":"SearchAction","target":{"@type":"EntryPoint","urlTemplate":"https:\/\/www.thesinapiteam.com\/?s={search_term_string}"},"query-input":{"@type":"PropertyValueSpecification","valueRequired":true,"valueName":"search_term_string"}}],"inLanguage":"es-AR"},{"@type":"Organization","@id":"https:\/\/www.thesinapiteam.com\/#organization","name":"The Sinapi Team","url":"https:\/\/www.thesinapiteam.com\/","logo":{"@type":"ImageObject","inLanguage":"es-AR","@id":"https:\/\/www.thesinapiteam.com\/#\/schema\/logo\/image\/","url":"https:\/\/www.thesinapiteam.com\/wp\/wp-content\/uploads\/2022\/09\/cropped-the-sinapi-team-logo.png","contentUrl":"https:\/\/www.thesinapiteam.com\/wp\/wp-content\/uploads\/2022\/09\/cropped-the-sinapi-team-logo.png","width":500,"height":500,"caption":"The Sinapi Team"},"image":{"@id":"https:\/\/www.thesinapiteam.com\/#\/schema\/logo\/image\/"},"sameAs":["https:\/\/www.facebook.com\/thesinapiteamllc","https:\/\/www.instagram.com\/thesinapiteam\/","https:\/\/www.linkedin.com\/company\/sinapi-llc"]}]}},"_links":{"self":[{"href":"https:\/\/www.thesinapiteam.com\/es\/wp-json\/wp\/v2\/pages\/7159","targetHints":{"allow":["GET"]}}],"collection":[{"href":"https:\/\/www.thesinapiteam.com\/es\/wp-json\/wp\/v2\/pages"}],"about":[{"href":"https:\/\/www.thesinapiteam.com\/es\/wp-json\/wp\/v2\/types\/page"}],"author":[{"embeddable":true,"href":"https:\/\/www.thesinapiteam.com\/es\/wp-json\/wp\/v2\/users\/1"}],"replies":[{"embeddable":true,"href":"https:\/\/www.thesinapiteam.com\/es\/wp-json\/wp\/v2\/comments?post=7159"}],"version-history":[{"count":3,"href":"https:\/\/www.thesinapiteam.com\/es\/wp-json\/wp\/v2\/pages\/7159\/revisions"}],"predecessor-version":[{"id":11282,"href":"https:\/\/www.thesinapiteam.com\/es\/wp-json\/wp\/v2\/pages\/7159\/revisions\/11282"}],"wp:featuredmedia":[{"embeddable":true,"href":"https:\/\/www.thesinapiteam.com\/es\/wp-json\/wp\/v2\/media\/7400"}],"wp:attachment":[{"href":"https:\/\/www.thesinapiteam.com\/es\/wp-json\/wp\/v2\/media?parent=7159"}],"curies":[{"name":"wp","href":"https:\/\/api.w.org\/{rel}","templated":true}]}}